{"id":671,"date":"2021-11-25T15:39:48","date_gmt":"2021-11-25T15:39:48","guid":{"rendered":"https:\/\/lifereondlafere.ch\/?page_id=671"},"modified":"2022-01-05T09:56:04","modified_gmt":"2022-01-05T09:56:04","slug":"woete","status":"publish","type":"page","link":"https:\/\/lifereondlafere.ch\/index.php\/woete\/","title":{"rendered":""},"content":{"rendered":"\n<h4 class=\"wp-block-heading\"><\/h4>\n\n\n\n<div class=\"wp-block-columns is-layout-flex wp-container-core-columns-is-layout-9d6595d7 wp-block-columns-is-layout-flex\">\n<div class=\"wp-block-column is-layout-flow wp-block-column-is-layout-flow\">\n<figure class=\"wp-block-gallery columns-3 is-cropped wp-block-gallery-1 is-layout-flex wp-block-gallery-is-layout-flex\"><ul class=\"blocks-gallery-grid\"><li class=\"blocks-gallery-item\"><figure><img loading=\"lazy\" decoding=\"async\" width=\"1080\" height=\"1080\" src=\"https:\/\/lifereondlafere.ch\/wp-content\/uploads\/2021\/11\/Eepei-1.svg\" alt=\"\" data-id=\"683\" data-link=\"https:\/\/lifereondlafere.ch\/?attachment_id=683\" class=\"wp-image-683\"\/><\/figure><\/li><li class=\"blocks-gallery-item\"><figure><img loading=\"lazy\" decoding=\"async\" width=\"1081\" height=\"1081\" src=\"https:\/\/lifereondlafere.ch\/wp-content\/uploads\/2021\/11\/Pla\u0308ss-1.svg\" alt=\"\" data-id=\"749\" data-link=\"https:\/\/lifereondlafere.ch\/index.php\/woete\/pla%cc%88ss-3\/\" class=\"wp-image-749\"\/><\/figure><\/li><li class=\"blocks-gallery-item\"><figure><img loading=\"lazy\" decoding=\"async\" width=\"1080\" height=\"1080\" src=\"https:\/\/lifereondlafere.ch\/wp-content\/uploads\/2021\/11\/Wassejumpfere_2.svg\" alt=\"\" data-id=\"694\" data-link=\"https:\/\/lifereondlafere.ch\/?attachment_id=694\" class=\"wp-image-694\"\/><\/figure><\/li><li class=\"blocks-gallery-item\"><figure><img loading=\"lazy\" decoding=\"async\" width=\"1080\" height=\"1080\" src=\"https:\/\/lifereondlafere.ch\/wp-content\/uploads\/2021\/11\/ha\u0308a\u0308l-.svg\" alt=\"\" data-id=\"681\" data-link=\"https:\/\/lifereondlafere.ch\/?attachment_id=681\" class=\"wp-image-681\"\/><\/figure><\/li><li class=\"blocks-gallery-item\"><figure><img loading=\"lazy\" decoding=\"async\" width=\"1080\" height=\"1080\" src=\"https:\/\/lifereondlafere.ch\/wp-content\/uploads\/2021\/11\/Fo\u0308o\u0308be.svg\" alt=\"\" data-id=\"729\" data-link=\"https:\/\/lifereondlafere.ch\/?attachment_id=729\" class=\"wp-image-729\"\/><\/figure><\/li><li class=\"blocks-gallery-item\"><figure><img loading=\"lazy\" decoding=\"async\" width=\"1080\" height=\"1080\" src=\"https:\/\/lifereondlafere.ch\/wp-content\/uploads\/2021\/11\/Backnasli-1.svg\" alt=\"\" data-id=\"690\" data-link=\"https:\/\/lifereondlafere.ch\/?attachment_id=690\" class=\"wp-image-690\"\/><\/figure><\/li><li class=\"blocks-gallery-item\"><figure><img loading=\"lazy\" decoding=\"async\" width=\"1080\" height=\"1080\" src=\"https:\/\/lifereondlafere.ch\/wp-content\/uploads\/2021\/11\/Flick-Flauder.svg\" alt=\"\" data-id=\"677\" data-link=\"https:\/\/lifereondlafere.ch\/?attachment_id=677\" class=\"wp-image-677\"\/><\/figure><\/li><li class=\"blocks-gallery-item\"><figure><img loading=\"lazy\" decoding=\"async\" width=\"1080\" height=\"1080\" src=\"https:\/\/lifereondlafere.ch\/wp-content\/uploads\/2021\/11\/Cho\u0308lbi.svg\" alt=\"\" data-id=\"688\" data-link=\"https:\/\/lifereondlafere.ch\/?attachment_id=688\" class=\"wp-image-688\"\/><\/figure><\/li><li class=\"blocks-gallery-item\"><figure><img loading=\"lazy\" decoding=\"async\" width=\"1080\" height=\"1080\" src=\"https:\/\/lifereondlafere.ch\/wp-content\/uploads\/2021\/11\/A\u0308bese.svg\" alt=\"\" data-id=\"679\" data-link=\"https:\/\/lifereondlafere.ch\/?attachment_id=679\" class=\"wp-image-679\"\/><\/figure><\/li><li class=\"blocks-gallery-item\"><figure><img loading=\"lazy\" decoding=\"async\" width=\"1080\" height=\"1080\" src=\"https:\/\/lifereondlafere.ch\/wp-content\/uploads\/2021\/11\/Fazeneetli-.svg\" alt=\"\" data-id=\"728\" data-link=\"https:\/\/lifereondlafere.ch\/?attachment_id=728\" class=\"wp-image-728\"\/><\/figure><\/li><li class=\"blocks-gallery-item\"><figure><img loading=\"lazy\" decoding=\"async\" width=\"1080\" height=\"1080\" src=\"https:\/\/lifereondlafere.ch\/wp-content\/uploads\/2021\/11\/Gottere.svg\" alt=\"\" data-id=\"684\" data-link=\"https:\/\/lifereondlafere.ch\/?attachment_id=684\" class=\"wp-image-684\"\/><\/figure><\/li><li class=\"blocks-gallery-item\"><figure><img loading=\"lazy\" decoding=\"async\" width=\"1080\" height=\"1080\" src=\"https:\/\/lifereondlafere.ch\/wp-content\/uploads\/2021\/11\/Iime-.svg\" alt=\"\" data-id=\"730\" data-link=\"https:\/\/lifereondlafere.ch\/?attachment_id=730\" class=\"wp-image-730\"\/><\/figure><\/li><li class=\"blocks-gallery-item\"><figure><img loading=\"lazy\" decoding=\"async\" width=\"1080\" height=\"1080\" src=\"https:\/\/lifereondlafere.ch\/wp-content\/uploads\/2022\/01\/Vetaasered.svg\" alt=\"\" data-id=\"754\" data-full-url=\"https:\/\/lifereondlafere.ch\/wp-content\/uploads\/2022\/01\/Vetaasered.svg\" data-link=\"https:\/\/lifereondlafere.ch\/index.php\/woete\/vetaasered\/\" class=\"wp-image-754\"\/><\/figure><\/li><li class=\"blocks-gallery-item\"><figure><img loading=\"lazy\" decoding=\"async\" width=\"1081\" height=\"1081\" src=\"https:\/\/lifereondlafere.ch\/wp-content\/uploads\/2022\/01\/ZBeg.svg\" alt=\"\" data-id=\"755\" data-full-url=\"https:\/\/lifereondlafere.ch\/wp-content\/uploads\/2022\/01\/ZBeg.svg\" data-link=\"https:\/\/lifereondlafere.ch\/index.php\/woete\/zbeg-2\/\" class=\"wp-image-755\"\/><\/figure><\/li><li class=\"blocks-gallery-item\"><figure><img loading=\"lazy\" decoding=\"async\" width=\"1080\" height=\"1080\" src=\"https:\/\/lifereondlafere.ch\/wp-content\/uploads\/2022\/01\/Aaltjohroobed.svg\" alt=\"\" data-id=\"753\" data-full-url=\"https:\/\/lifereondlafere.ch\/wp-content\/uploads\/2022\/01\/Aaltjohroobed.svg\" data-link=\"https:\/\/lifereondlafere.ch\/index.php\/woete\/aaltjohroobed\/\" class=\"wp-image-753\"\/><\/figure><\/li><\/ul><\/figure>\n<\/div>\n<\/div>\n\n\n\n<h1 class=\"has-text-align-center has-large-font-size wp-block-heading\">Do f\u00f6ndsch no meh wondebaari W\u00f6\u00f6te mit gschiidem H\u00f6ndegrondwesse, loschtige Gschichte ode sch\u00f6ne Versli. <\/h1>\n\n\n\n<div class=\"wp-block-buttons is-content-justification-center is-layout-flex wp-block-buttons-is-layout-flex\">\n<div class=\"wp-block-button is-style-primary\"><a class=\"wp-block-button__link has-nv-site-bg-color has-text-color\" href=\"https:\/\/www.instagram.com\/lifere_ond_lafere\/?hl=de\">Instagram<\/a><\/div>\n<\/div>\n\n\n\n<h2 class=\"has-nv-site-bg-color has-text-color wp-block-heading\">Platz<\/h2>\n","protected":false},"excerpt":{"rendered":"<p>Do f\u00f6ndsch no meh wondebaari W\u00f6\u00f6te mit gschiidem H\u00f6ndegrondwesse, loschtige Gschichte ode sch\u00f6ne Versli. Platz<\/p>\n","protected":false},"author":1,"featured_media":0,"parent":0,"menu_order":0,"comment_status":"closed","ping_status":"closed","template":"","meta":{"neve_meta_sidebar":"","neve_meta_container":"","neve_meta_enable_content_width":"","neve_meta_content_width":0,"neve_meta_title_alignment":"","neve_meta_author_avatar":"","neve_post_elements_order":"","neve_meta_disable_header":"","neve_meta_disable_footer":"","neve_meta_disable_title":"","footnotes":""},"class_list":["post-671","page","type-page","status-publish","hentry"],"_links":{"self":[{"href":"https:\/\/lifereondlafere.ch\/index.php\/wp-json\/wp\/v2\/pages\/671","targetHints":{"allow":["GET"]}}],"collection":[{"href":"https:\/\/lifereondlafere.ch\/index.php\/wp-json\/wp\/v2\/pages"}],"about":[{"href":"https:\/\/lifereondlafere.ch\/index.php\/wp-json\/wp\/v2\/types\/page"}],"author":[{"embeddable":true,"href":"https:\/\/lifereondlafere.ch\/index.php\/wp-json\/wp\/v2\/users\/1"}],"replies":[{"embeddable":true,"href":"https:\/\/lifereondlafere.ch\/index.php\/wp-json\/wp\/v2\/comments?post=671"}],"version-history":[{"count":41,"href":"https:\/\/lifereondlafere.ch\/index.php\/wp-json\/wp\/v2\/pages\/671\/revisions"}],"predecessor-version":[{"id":757,"href":"https:\/\/lifereondlafere.ch\/index.php\/wp-json\/wp\/v2\/pages\/671\/revisions\/757"}],"wp:attachment":[{"href":"https:\/\/lifereondlafere.ch\/index.php\/wp-json\/wp\/v2\/media?parent=671"}],"curies":[{"name":"wp","href":"https:\/\/api.w.org\/{rel}","templated":true}]}}