{"id":427,"date":"2021-11-09T10:42:07","date_gmt":"2021-11-09T10:42:07","guid":{"rendered":"https:\/\/lifereondlafere.ch\/?page_id=427"},"modified":"2022-01-06T14:15:17","modified_gmt":"2022-01-06T14:15:17","slug":"lafere","status":"publish","type":"page","link":"https:\/\/lifereondlafere.ch\/index.php\/lafere\/","title":{"rendered":""},"content":{"rendered":"\n<h4 class=\"wp-block-heading\" id=\"de-appezolle-dialekt-podcast\">Etz w\u00e4\u00e4d glaferet! De Appez\u00f6lle Dialekt-Podcast<\/h4>\n\n\n\n<div class=\"wp-block-cover alignfull has-nv-dark-bg-background-color has-background-dim\" style=\"min-height:600px;aspect-ratio:unset;\"><div class=\"wp-block-cover__inner-container is-layout-flow wp-block-cover-is-layout-flow\">\n<div class=\"wp-block-group\"><div class=\"wp-block-group__inner-container is-layout-flow wp-block-group-is-layout-flow\">\n<div style=\"height:80px\" aria-hidden=\"true\" class=\"wp-block-spacer\"><\/div>\n\n\n\n<div class=\"wp-block-columns are-vertically-aligned-center is-layout-flex wp-container-core-columns-is-layout-9d6595d7 wp-block-columns-is-layout-flex\">\n<div class=\"wp-block-column is-vertically-aligned-center is-layout-flow wp-block-column-is-layout-flow\" style=\"flex-basis:50%\">\n<div style=\"height:20px\" aria-hidden=\"true\" class=\"wp-block-spacer\"><\/div>\n\n\n\n<figure class=\"wp-block-embed is-type-rich is-provider-spotify wp-block-embed-spotify wp-embed-aspect-21-9 wp-has-aspect-ratio\"><div class=\"wp-block-embed__wrapper\">\n<iframe loading=\"lazy\" title=\"Spotify Embed: Etz w\u00e4\u00e4d glaferet!\" width=\"100%\" height=\"152\" frameborder=\"0\" allowfullscreen allow=\"autoplay; clipboard-write; encrypted-media; fullscreen; picture-in-picture\" src=\"https:\/\/open.spotify.com\/embed\/show\/0vcCUc7a5cHnwTB7enHajI?utm_source=oembed\"><\/iframe>\n<\/div><\/figure>\n\n\n\n<figure class=\"wp-block-audio\"><audio controls src=\"https:\/\/lifereondlafere.ch\/wp-content\/uploads\/2022\/01\/ewg_innerrhoderdialekt_final.mp3\"><\/audio><\/figure>\n\n\n\n<div style=\"height:20px\" aria-hidden=\"true\" class=\"wp-block-spacer\"><\/div>\n<\/div>\n\n\n\n<div class=\"wp-block-column is-layout-flow wp-block-column-is-layout-flow\"><\/div>\n\n\n\n<div class=\"wp-block-column is-vertically-aligned-center is-layout-flow wp-block-column-is-layout-flow\" style=\"flex-basis:50%\">\n<h2 class=\"wp-block-heading\" id=\"goht-de-innerhode-dialekt-veloore\">Goht de Innerhode Dialekt veloore? <\/h2>\n\n\n\n<p>Min Dialekt het sich im Velauf vo mim Lebe imme wide veenderet. Doch wa s\u00f6nd eigentlich d\u2019Gr\u00f6nd, werom sich Sproch \u2013 pes\u00f6nlich ond au gener\u00f6ll \u2013 veenderet? Ond isch \u00f6sen Innerhode Dialekt schog\u00e4\u00e4 vom Uusteebe bedroht?<\/p>\n\n\n\n<p>Da het mi schono wonde gnoo ond i bi drom mit em Joe Manser zemeghocke. E eforscht ond dokumentiet de Appez\u00f6lle Dialekt, onde anderem hette e s\u2019bekannt W\u00f6\u00f6tebuech f\u00f6 de Innerhode Dialekt usigee.<br>Troffe hani mi au mit de Celin\u00e9 Signer, sie studiet mit me zeme ond mit ehre hani \u00f6be d&#8217;Zuekunft vo \u00f6sem Dialekt gschw\u00e4tzt ond wa me junge L\u00fc\u00fct ch\u00f6nd tue, dass ebe \u00f6si sch\u00f6 Sproch n\u00fcd veloore goht.<\/p>\n<\/div>\n<\/div>\n\n\n\n<p><\/p>\n<\/div><\/div>\n<\/div><\/div>\n\n\n\n<div class=\"wp-block-columns is-layout-flex wp-container-core-columns-is-layout-9d6595d7 wp-block-columns-is-layout-flex\">\n<div class=\"wp-block-column is-layout-flow wp-block-column-is-layout-flow\"><\/div>\n<\/div>\n\n\n\n<div class=\"wp-block-cover alignfull has-nv-dark-bg-background-color has-background-dim\" style=\"min-height:600px;aspect-ratio:unset;\"><div class=\"wp-block-cover__inner-container is-layout-flow wp-block-cover-is-layout-flow\">\n<div class=\"wp-block-group\"><div class=\"wp-block-group__inner-container is-layout-flow wp-block-group-is-layout-flow\">\n<div style=\"height:80px\" aria-hidden=\"true\" class=\"wp-block-spacer\"><\/div>\n\n\n\n<div class=\"wp-block-columns are-vertically-aligned-center is-layout-flex wp-container-core-columns-is-layout-9d6595d7 wp-block-columns-is-layout-flex\">\n<div class=\"wp-block-column is-vertically-aligned-center is-layout-flow wp-block-column-is-layout-flow\" style=\"flex-basis:50%\">\n<div style=\"height:20px\" aria-hidden=\"true\" class=\"wp-block-spacer\"><\/div>\n\n\n\n<figure class=\"wp-block-embed is-type-rich is-provider-spotify wp-block-embed-spotify wp-embed-aspect-21-9 wp-has-aspect-ratio\"><div class=\"wp-block-embed__wrapper\">\n<iframe loading=\"lazy\" title=\"Spotify Embed: Gendegrechti Sproch im Dialekt\" width=\"100%\" height=\"152\" frameborder=\"0\" allowfullscreen allow=\"autoplay; clipboard-write; encrypted-media; fullscreen; picture-in-picture\" src=\"https:\/\/open.spotify.com\/embed\/episode\/31YPmbcA72dIfQx6q8LMcN?si=18kva656STi8MyQSQQxORA&#038;utm_source=oembed\"><\/iframe>\n<\/div><\/figure>\n\n\n\n<div style=\"height:20px\" aria-hidden=\"true\" class=\"wp-block-spacer\"><\/div>\n\n\n\n<figure class=\"wp-block-audio\"><audio controls src=\"https:\/\/lifereondlafere.ch\/wp-content\/uploads\/2022\/01\/ewg_gendergerechtesprache_final.mp3\"><\/audio><\/figure>\n<\/div>\n\n\n\n<div class=\"wp-block-column is-layout-flow wp-block-column-is-layout-flow\"><\/div>\n\n\n\n<div class=\"wp-block-column is-vertically-aligned-center is-layout-flow wp-block-column-is-layout-flow\" style=\"flex-basis:50%\">\n<h2 class=\"wp-block-heading\" id=\"goht-de-innerhode-dialekt-veloore\">Gendegrecht schw\u00e4tze im Dialekt.  <\/h2>\n\n\n\n<p>F\u00f6 mi isch klaa: E gendegrechti Sproch ond e gendegrechti Gs\u00f6llschaft hangid stach zeme. Will Sproch beiflosst \u00f6seri Wohrnemig, formt \u00f6ses Denke ond die sozial Identit\u00e4t. <\/p>\n\n\n\n<p>Doch wie s\u00f6ll gendegrechti Sproch t\u00f6ne? Wie m\u00f6nd me im Alltag schw\u00e4tze ohni nebid usz&#8217;schl\u00fcsse? M\u00f6glichscht n\u00fcd uff\u00e4llig ond nat\u00fcrlich ode m\u00f6mme au mol \u00f6be die \u00e4\u00e4ge Zunge stolpere zom s&#8217;Bewusstsee f\u00f6 Gendegrechtigkeit z&#8217;steche? <\/p>\n\n\n\n<p>Dene Froge gangi i der Podcast folg noo, zeme mit em Mundartexpert Andr\u00e9 Perler ond em Journalischt Dumeni Casaulta. <\/p>\n\n\n\n<p><\/p>\n<\/div>\n<\/div>\n<\/div><\/div>\n<\/div><\/div>\n","protected":false},"excerpt":{"rendered":"<p>Etz w\u00e4\u00e4d glaferet! De Appez\u00f6lle Dialekt-Podcast<\/p>\n","protected":false},"author":1,"featured_media":0,"parent":0,"menu_order":0,"comment_status":"closed","ping_status":"closed","template":"","meta":{"neve_meta_sidebar":"","neve_meta_container":"","neve_meta_enable_content_width":"on","neve_meta_content_width":100,"neve_meta_title_alignment":"","neve_meta_author_avatar":"","neve_post_elements_order":"","neve_meta_disable_header":"","neve_meta_disable_footer":"","neve_meta_disable_title":"off","footnotes":""},"class_list":["post-427","page","type-page","status-publish","hentry"],"_links":{"self":[{"href":"https:\/\/lifereondlafere.ch\/index.php\/wp-json\/wp\/v2\/pages\/427","targetHints":{"allow":["GET"]}}],"collection":[{"href":"https:\/\/lifereondlafere.ch\/index.php\/wp-json\/wp\/v2\/pages"}],"about":[{"href":"https:\/\/lifereondlafere.ch\/index.php\/wp-json\/wp\/v2\/types\/page"}],"author":[{"embeddable":true,"href":"https:\/\/lifereondlafere.ch\/index.php\/wp-json\/wp\/v2\/users\/1"}],"replies":[{"embeddable":true,"href":"https:\/\/lifereondlafere.ch\/index.php\/wp-json\/wp\/v2\/comments?post=427"}],"version-history":[{"count":17,"href":"https:\/\/lifereondlafere.ch\/index.php\/wp-json\/wp\/v2\/pages\/427\/revisions"}],"predecessor-version":[{"id":764,"href":"https:\/\/lifereondlafere.ch\/index.php\/wp-json\/wp\/v2\/pages\/427\/revisions\/764"}],"wp:attachment":[{"href":"https:\/\/lifereondlafere.ch\/index.php\/wp-json\/wp\/v2\/media?parent=427"}],"curies":[{"name":"wp","href":"https:\/\/api.w.org\/{rel}","templated":true}]}}