{"id":3,"date":"2021-11-08T15:12:12","date_gmt":"2021-11-08T15:12:12","guid":{"rendered":"https:\/\/lifereondlafere.ch\/?page_id=3"},"modified":"2021-11-23T16:42:05","modified_gmt":"2021-11-23T16:42:05","slug":"privacy-policy","status":"publish","type":"page","link":"https:\/\/lifereondlafere.ch\/index.php\/privacy-policy\/","title":{"rendered":"Impressum"},"content":{"rendered":"\n<h3 class=\"has-medium-font-size wp-block-heading\" id=\"kontaktadresse\">Kontaktadresse <\/h3>\n\n\n\n<p>Rosie H\u00f6rler<br>St. Georgen-Strasse 68<br>9000 St. Gallen<br>Schweiz<\/p>\n\n\n\n<p>E-Mail:<br>kontakt@rosiehoerler.ch<\/p>\n\n\n\n<h3 class=\"has-medium-font-size wp-block-heading\" id=\"haftungsausschluss\">Haftungsausschluss<\/h3>\n\n\n\n<p>Die Autorin \u00fcbernimmt keinerlei Gew\u00e4hr hinsichtlich der inhaltlichen Richtigkeit, Genauigkeit, Aktualit\u00e4t, Zuverl\u00e4ssigkeit und Vollst\u00e4ndigkeit der Informationen.<\/p>\n\n\n\n<p>Haftungsanspr\u00fcche gegen die Autorin wegen Sch\u00e4den materieller oder immaterieller Art, welche aus dem Zugriff oder der Nutzung bzw. Nichtnutzung der ver\u00f6ffentlichten Informationen, durch Missbrauch der Verbindung oder durch technische St\u00f6rungen entstanden sind, werden ausgeschlossen.<\/p>\n\n\n\n<p>Alle Angebote sind unverbindlich. Die Autorin beh\u00e4lt es sich ausdr\u00fccklich vor, Teile der Seiten oder das gesamte Angebot ohne besondere Ank\u00fcndigung zu ver\u00e4ndern, zu erg\u00e4nzen, zu l\u00f6schen oder die Ver\u00f6ffentlichung zeitweise oder endg\u00fcltig einzustellen.<\/p>\n\n\n\n<h3 class=\"has-medium-font-size wp-block-heading\" id=\"haftungsauschluss-fur-links\">Haftungsauschluss f\u00fcr Links<\/h3>\n\n\n\n<p>Verweise und Links auf Webseiten Dritter liegen ausserhalb meines Verantwortungsbereichs. Es wird jegliche Verantwortung f\u00fcr solche Webseiten abgelehnt. Der Zugriff und die Nutzung solcher Webseiten erfolgen auf eigene Gefahr der jeweiligen Nutzer:innen.<\/p>\n\n\n\n<h3 class=\"has-medium-font-size wp-block-heading\" id=\"urheberrechte\">Urheberrechte<\/h3>\n\n\n\n<p>Die Urheber- und alle anderen Rechte an Inhalten, Bildern, Fotos oder anderen Dateien auf dieser Website, geh\u00f6ren ausschliesslich&nbsp;<strong>Rosie H\u00f6rler<\/strong>&nbsp;oder den speziell genannten Rechteinhaber:innen. F\u00fcr die Reproduktion jeglicher Elemente ist die schriftliche Zustimmung der Urheberrechtstr\u00e4gerin im Voraus einzuholen.<\/p>\n\n\n\n<p><strong class=\"privacy-policy-tutorial\">Quelle: SwissAnwalt<\/strong><\/p>\n","protected":false},"excerpt":{"rendered":"<p>Kontaktadresse Rosie H\u00f6rlerSt. Georgen-Strasse 689000 St. GallenSchweiz E-Mail:kontakt@rosiehoerler.ch Haftungsausschluss Die Autorin \u00fcbernimmt keinerlei Gew\u00e4hr hinsichtlich der inhaltlichen Richtigkeit, Genauigkeit, Aktualit\u00e4t, Zuverl\u00e4ssigkeit und Vollst\u00e4ndigkeit der Informationen. Haftungsanspr\u00fcche gegen die Autorin wegen Sch\u00e4den materieller oder immaterieller Art, welche aus dem Zugriff oder der Nutzung bzw. Nichtnutzung der ver\u00f6ffentlichten Informationen, durch Missbrauch der Verbindung oder durch technische St\u00f6rungen&hellip;&nbsp;<a href=\"https:\/\/lifereondlafere.ch\/index.php\/privacy-policy\/\" rel=\"bookmark\">Weiterlesen &raquo;<span class=\"screen-reader-text\">Impressum<\/span><\/a><\/p>\n","protected":false},"author":1,"featured_media":0,"parent":0,"menu_order":0,"comment_status":"closed","ping_status":"closed","template":"","meta":{"neve_meta_sidebar":"","neve_meta_container":"","neve_meta_enable_content_width":"","neve_meta_content_width":0,"neve_meta_title_alignment":"","neve_meta_author_avatar":"","neve_post_elements_order":"","neve_meta_disable_header":"","neve_meta_disable_footer":"","neve_meta_disable_title":"","footnotes":""},"class_list":["post-3","page","type-page","status-publish","hentry"],"_links":{"self":[{"href":"https:\/\/lifereondlafere.ch\/index.php\/wp-json\/wp\/v2\/pages\/3","targetHints":{"allow":["GET"]}}],"collection":[{"href":"https:\/\/lifereondlafere.ch\/index.php\/wp-json\/wp\/v2\/pages"}],"about":[{"href":"https:\/\/lifereondlafere.ch\/index.php\/wp-json\/wp\/v2\/types\/page"}],"author":[{"embeddable":true,"href":"https:\/\/lifereondlafere.ch\/index.php\/wp-json\/wp\/v2\/users\/1"}],"replies":[{"embeddable":true,"href":"https:\/\/lifereondlafere.ch\/index.php\/wp-json\/wp\/v2\/comments?post=3"}],"version-history":[{"count":6,"href":"https:\/\/lifereondlafere.ch\/index.php\/wp-json\/wp\/v2\/pages\/3\/revisions"}],"predecessor-version":[{"id":585,"href":"https:\/\/lifereondlafere.ch\/index.php\/wp-json\/wp\/v2\/pages\/3\/revisions\/585"}],"wp:attachment":[{"href":"https:\/\/lifereondlafere.ch\/index.php\/wp-json\/wp\/v2\/media?parent=3"}],"curies":[{"name":"wp","href":"https:\/\/api.w.org\/{rel}","templated":true}]}}